{"id":1846,"date":"2025-08-15T01:31:02","date_gmt":"2025-08-15T01:31:02","guid":{"rendered":"https:\/\/ratsel.com.co\/2025\/?page_id=1846"},"modified":"2025-08-15T01:32:30","modified_gmt":"2025-08-15T01:32:30","slug":"aviso-de-privacidad","status":"publish","type":"page","link":"https:\/\/ratsel.com.co\/2025\/aviso-de-privacidad\/","title":{"rendered":"\u00a0AVISO DE PRIVACIDAD\u00a0"},"content":{"rendered":"\t\t<div data-elementor-type=\"wp-page\" data-elementor-id=\"1846\" class=\"elementor elementor-1846\">\n\t\t\t\t\t\t<section class=\"elementor-section elementor-top-section elementor-element elementor-element-a9d722b elementor-section-boxed elementor-section-height-default elementor-section-height-default\" data-id=\"a9d722b\" data-element_type=\"section\" data-e-type=\"section\">\n\t\t\t\t\t\t<div class=\"elementor-container elementor-column-gap-default\">\n\t\t\t\t\t<div class=\"elementor-column elementor-col-100 elementor-top-column elementor-element elementor-element-a4fdfdb\" data-id=\"a4fdfdb\" data-element_type=\"column\" data-e-type=\"column\">\n\t\t\t<div class=\"elementor-widget-wrap elementor-element-populated\">\n\t\t\t\t\t\t<div class=\"elementor-element elementor-element-cc1466e elementor-widget elementor-widget-heading\" data-id=\"cc1466e\" data-element_type=\"widget\" data-e-type=\"widget\" data-widget_type=\"heading.default\">\n\t\t\t\t<div class=\"elementor-widget-container\">\n\t\t\t\t\t<h2 class=\"elementor-heading-title elementor-size-default\">AVISO DE PRIVACIDAD<\/h2>\t\t\t\t<\/div>\n\t\t\t\t<\/div>\n\t\t\t\t<div class=\"elementor-element elementor-element-eeccced elementor-widget elementor-widget-text-editor\" data-id=\"eeccced\" data-element_type=\"widget\" data-e-type=\"widget\" data-widget_type=\"text-editor.default\">\n\t\t\t\t<div class=\"elementor-widget-container\">\n\t\t\t\t\t\t\t\t\t<p class=\"p2\"><span style=\"font-style: inherit; font-weight: inherit;\"><strong>RATSEL AUDITOR\u00cdA &amp; PROTECCI\u00d3N PATRIMONIAL S.A.S.<\/strong> en su calidad de responsable del tratamiento de datos personales, informa a los titulares de la informaci\u00f3n que, en cumplimiento de la Ley 1581 de 2012, el Decreto 1377 de 2013 y dem\u00e1s normas concordantes.<\/span><\/p><p class=\"p3\"><strong>FINALIDAD DEL TRATAMIENTO<\/strong><\/p><p class=\"p3\">Los datos personales recolectados ser\u00e1n utilizados para:<\/p><ul class=\"ul1\"><li class=\"li4\">Implementar medidas de seguridad en las instalaciones.<\/li><li class=\"li4\">Gestionar relaciones comerciales, contractuales y laborales.<\/li><li class=\"li4\">Prestar servicios de auditor\u00eda, consultor\u00eda y an\u00e1lisis de riesgos.<\/li><li class=\"li4\">Administrar procesos de selecci\u00f3n y contrataci\u00f3n de personal.<\/li><li class=\"li3\">Cumplir con obligaciones legales en materia de prevenci\u00f3n de lavado de activos y financiamiento del terrorismo.<\/li><\/ul><p class=\"p3\"><strong>DERECHOS DEL TITULAR<\/strong><\/p><p class=\"p3\">El titular de los datos personales tiene derecho a:<\/p><ul class=\"ul1\"><li class=\"li6\">Conocer, actualizar y rectificar sus datos personales.<\/li><li class=\"li6\">Solicitar prueba de la autorizaci\u00f3n otorgada para el tratamiento de sus datos.<\/li><li class=\"li6\">Ser informado sobre el uso de sus datos personales.<\/li><li class=\"li6\">Presentar quejas ante la Superintendencia de Industria y Comercio (SIC) en caso de infracci\u00f3n a la normativa vigente.<\/li><li class=\"li3\">Revocar la autorizaci\u00f3n y\/o solicitar la supresi\u00f3n de sus datos cuando no exista un deber legal o contractual de permanecer en la base de datos.<\/li><\/ul><p class=\"p3\"><strong>MECANISMOS PARA EL EJERCICIO DE DERECHOS<\/strong><\/p><p class=\"p3\">Los titulares pueden ejercer sus derechos a trav\u00e9s de los siguientes canales:<\/p><ul class=\"ul1\"><li class=\"li6\">Correo electr\u00f3nico: juridica@ratsel.com.co<\/li><li class=\"li6\">Direcci\u00f3n f\u00edsica: Carrera 16 A No. 78-11, Bogot\u00e1, D.C.<\/li><li class=\"li3\">Tel\u00e9fono: (601) 7560043<\/li><\/ul><p class=\"p2\"><span class=\"s3\">Las solicitudes ser\u00e1n atendidas conforme a los t\u00e9rminos establecidos en la Ley 1581 de 2012 y el Decreto 1377 de 2013. <\/span>(+601) 7560043 <span class=\"s2\">gerencia@ratsel.com.co <\/span>| <span class=\"s2\">www.ratsel.com.co <\/span>Carrera 16a No. 78-11 Oficina 502 Ed. Oikos &#8211; Bogot\u00e1, Colombia<\/p><p class=\"p3\"><strong>MODIFICACIONES AL AVISO DE PRIVACIDAD<\/strong><\/p><p class=\"p3\">Cualquier cambio sustancial en este aviso de privacidad ser\u00e1 comunicado a trav\u00e9s de los medios habituales de contacto con los titulares y publicado en el sitio web <span class=\"s2\">www.ratsel.com.co<\/span>.<\/p><p class=\"p3\"><strong>VIGENCIA<\/strong><\/p><p class=\"p3\">Este aviso de privacidad rige a partir de su publicaci\u00f3n y estar\u00e1 vigente mientras sea necesario para cumplir con las finalidades mencionadas o hasta que el titular solicite la eliminaci\u00f3n de sus datos personales conforme a la normativa aplicable.<\/p><p class=\"p3\"><strong>IDENTIDAD Y DATOS DE CONTACTO DEL RESPONSABLE<\/strong><\/p><ul class=\"ul1\"><li class=\"li6\">Raz\u00f3n social: RATSEL AUDITOR\u00cdA &amp; PROTECCI\u00d3N PATRIMONIAL S.A.S.<\/li><li class=\"li6\">NIT: 901.079.344 &#8211; 7<\/li><li class=\"li6\">Direcci\u00f3n: Carrera 16 A No. 78-11, Bogot\u00e1, D.C.<\/li><li class=\"li6\">Tel\u00e9fono: (601) 7560043<\/li><li class=\"li7\"><span class=\"s4\">Correo electr\u00f3nico: <\/span>juridica@ratsel.com.co<\/li><li class=\"li8\"><span class=\"s4\">Sitio web: <\/span>www.ratsel.com.co<\/li><\/ul>\t\t\t\t\t\t\t\t<\/div>\n\t\t\t\t<\/div>\n\t\t\t\t\t<\/div>\n\t\t<\/div>\n\t\t\t\t\t<\/div>\n\t\t<\/section>\n\t\t\t\t<\/div>\n\t\t","protected":false},"excerpt":{"rendered":"<p>AVISO DE PRIVACIDAD RATSEL AUDITOR\u00cdA &amp; PROTECCI\u00d3N PATRIMONIAL S.A.S. en su calidad de responsable del tratamiento de datos personales, informa a los titulares de la informaci\u00f3n que, en cumplimiento de la Ley 1581 de 2012, el Decreto 1377 de 2013 y dem\u00e1s normas concordantes. FINALIDAD DEL TRATAMIENTO Los datos personales recolectados ser\u00e1n utilizados para: Implementar [&hellip;]<\/p>\n","protected":false},"author":2,"featured_media":0,"parent":0,"menu_order":0,"comment_status":"closed","ping_status":"closed","template":"","meta":{"site-sidebar-layout":"no-sidebar","site-content-layout":"page-builder","ast-site-content-layout":"full-width-container","site-content-style":"default","site-sidebar-style":"default","ast-global-header-display":"","ast-banner-title-visibility":"","ast-main-header-display":"","ast-hfb-above-header-display":"","ast-hfb-below-header-display":"","ast-hfb-mobile-header-display":"","site-post-title":"","ast-breadcrumbs-content":"","ast-featured-img":"disabled","footer-sml-layout":"","ast-disable-related-posts":"","theme-transparent-header-meta":"","adv-header-id-meta":"","stick-header-meta":"","header-above-stick-meta":"","header-main-stick-meta":"","header-below-stick-meta":"","astra-migrate-meta-layouts":"set","ast-page-background-enabled":"default","ast-page-background-meta":{"desktop":{"background-color":"var(--ast-global-color-4)","background-image":"","background-repeat":"repeat","background-position":"center center","background-size":"auto","background-attachment":"scroll","background-type":"","background-media":"","overlay-type":"","overlay-color":"","overlay-opacity":"","overlay-gradient":""},"tablet":{"background-color":"","background-image":"","background-repeat":"repeat","background-position":"center center","background-size":"auto","background-attachment":"scroll","background-type":"","background-media":"","overlay-type":"","overlay-color":"","overlay-opacity":"","overlay-gradient":""},"mobile":{"background-color":"","background-image":"","background-repeat":"repeat","background-position":"center center","background-size":"auto","background-attachment":"scroll","background-type":"","background-media":"","overlay-type":"","overlay-color":"","overlay-opacity":"","overlay-gradient":""}},"ast-content-background-meta":{"desktop":{"background-color":"var(--ast-global-color-5)","background-image":"","background-repeat":"repeat","background-position":"center center","background-size":"auto","background-attachment":"scroll","background-type":"","background-media":"","overlay-type":"","overlay-color":"","overlay-opacity":"","overlay-gradient":""},"tablet":{"background-color":"var(--ast-global-color-5)","background-image":"","background-repeat":"repeat","background-position":"center center","background-size":"auto","background-attachment":"scroll","background-type":"","background-media":"","overlay-type":"","overlay-color":"","overlay-opacity":"","overlay-gradient":""},"mobile":{"background-color":"var(--ast-global-color-5)","background-image":"","background-repeat":"repeat","background-position":"center center","background-size":"auto","background-attachment":"scroll","background-type":"","background-media":"","overlay-type":"","overlay-color":"","overlay-opacity":"","overlay-gradient":""}},"_joinchat":[],"footnotes":""},"class_list":["post-1846","page","type-page","status-publish","hentry"],"_links":{"self":[{"href":"https:\/\/ratsel.com.co\/2025\/wp-json\/wp\/v2\/pages\/1846","targetHints":{"allow":["GET"]}}],"collection":[{"href":"https:\/\/ratsel.com.co\/2025\/wp-json\/wp\/v2\/pages"}],"about":[{"href":"https:\/\/ratsel.com.co\/2025\/wp-json\/wp\/v2\/types\/page"}],"author":[{"embeddable":true,"href":"https:\/\/ratsel.com.co\/2025\/wp-json\/wp\/v2\/users\/2"}],"replies":[{"embeddable":true,"href":"https:\/\/ratsel.com.co\/2025\/wp-json\/wp\/v2\/comments?post=1846"}],"version-history":[{"count":4,"href":"https:\/\/ratsel.com.co\/2025\/wp-json\/wp\/v2\/pages\/1846\/revisions"}],"predecessor-version":[{"id":1850,"href":"https:\/\/ratsel.com.co\/2025\/wp-json\/wp\/v2\/pages\/1846\/revisions\/1850"}],"wp:attachment":[{"href":"https:\/\/ratsel.com.co\/2025\/wp-json\/wp\/v2\/media?parent=1846"}],"curies":[{"name":"wp","href":"https:\/\/api.w.org\/{rel}","templated":true}]}}